{"id":49,"date":"2019-02-11T05:28:15","date_gmt":"2019-02-11T04:28:15","guid":{"rendered":"http:\/\/demo.sparklewpthemes.com\/fitnesspark\/?page_id=49"},"modified":"2022-09-26T14:16:07","modified_gmt":"2022-09-26T12:16:07","slug":"bici-plus","status":"publish","type":"page","link":"https:\/\/lasobanuca.com\/index.php\/bici-plus\/","title":{"rendered":"Bici Plus 26km"},"content":{"rendered":"\n<p><br><\/p>\n\n\n<div class=\"wp-block-image\">\n<figure class=\"aligncenter is-resized\"><img loading=\"lazy\" decoding=\"async\" src=\"https:\/\/web.archive.org\/web\/20200421074913im_\/http:\/\/sobanuca.com\/images\/iconobiciplus4.png\" alt=\"\" width=\"203\" height=\"265\"\/><\/figure><\/div>\n\n\n<p>La modalidad sobre ruedas m\u00e1s exigente de la Sobanuca. Realiza el mismo circuito que la modalidad de bici a\u00f1adiendo 4 kil\u00f3metros de distancia con 200 metros de desnivel, un total de 26 kil\u00f3metros de recorrido y 1.050 metros de desnivel para disfrutar al m\u00e1ximo del valle de Soba.<\/p>\n\n\n\n<p>Las zonas m\u00e1xima exigencia del recorrido (subida a Sutilastras y el bucle del monte de los Sotos) estar\u00e1n indicadas como recorrido bici plus, el resto del recorrido como en bici.<\/p>\n\n\n\n<p>Caracter\u00edsticas:<\/p>\n\n\n\n<p>Longitud &#8211; 26,6km<\/p>\n\n\n\n<p>Desnivel Acumulado 1.127m<\/p>\n\n\n\n<p>Dificultad t\u00e9cnica &#8211; Medio<\/p>\n\n\n\n<p><a href=\"https:\/\/lasobanuca.com\/tracks\/Sobanuca-bici-plus.GPX\" target=\"_blank\" rel=\"noreferrer noopener nofollow\">Descarga Track En Bici<\/a><\/p>\n\n\n\n<p><a href=\"\/\/es.wikiloc.com\/rutas-senderismo\/sobanuca-bici-plus-2016-29472944\" target=\"_blank\" rel=\"noreferrer noopener\">El recorrido en wikiloc<\/a><\/p>\n\n\n\n<figure class=\"wp-block-image\"><img decoding=\"async\" src=\"https:\/\/web.archive.org\/web\/20200421074913im_\/http:\/\/sobanuca.com\/images\/Bici-bici-plus-mapa-2018-668-960.jpg\" alt=\"\"\/><\/figure>\n\n\n\n<figure class=\"wp-block-image\"><img decoding=\"async\" src=\"https:\/\/web.archive.org\/web\/20200421074913im_\/http:\/\/sobanuca.com\/images\/perfil-bici3.jpg\" alt=\"\"\/><\/figure>\n","protected":false},"excerpt":{"rendered":"<p>La modalidad sobre ruedas m\u00e1s exigente de la Sobanuca. Realiza el mismo circuito que la modalidad de bici a\u00f1adiendo 4 kil\u00f3metros de distancia con 200 metros de desnivel, un total de 26 kil\u00f3metros de recorrido y 1.050 metros de desnivel para disfrutar al m\u00e1ximo del valle de Soba. Las zonas m\u00e1xima exigencia del recorrido (subida&hellip;<\/p>\n","protected":false},"author":1,"featured_media":0,"parent":0,"menu_order":0,"comment_status":"closed","ping_status":"closed","template":"","meta":{"footnotes":""},"yoast_head":"<!-- This site is optimized with the Yoast SEO plugin v19.7.2 - https:\/\/yoast.com\/wordpress\/plugins\/seo\/ -->\n<title>Bici Plus 26km - La Sobanuca<\/title>\n<meta name=\"robots\" content=\"index, follow, max-snippet:-1, max-image-preview:large, max-video-preview:-1\" \/>\n<link rel=\"canonical\" href=\"https:\/\/lasobanuca.com\/index.php\/bici-plus\/\" \/>\n<meta property=\"og:locale\" content=\"es_ES\" \/>\n<meta property=\"og:type\" content=\"article\" \/>\n<meta property=\"og:title\" content=\"Bici Plus 26km - La Sobanuca\" \/>\n<meta property=\"og:description\" content=\"La modalidad sobre ruedas m\u00e1s exigente de la Sobanuca. Realiza el mismo circuito que la modalidad de bici a\u00f1adiendo 4 kil\u00f3metros de distancia con 200 metros de desnivel, un total de 26 kil\u00f3metros de recorrido y 1.050 metros de desnivel para disfrutar al m\u00e1ximo del valle de Soba. Las zonas m\u00e1xima exigencia del recorrido (subida&hellip;\" \/>\n<meta property=\"og:url\" content=\"https:\/\/lasobanuca.com\/index.php\/bici-plus\/\" \/>\n<meta property=\"og:site_name\" content=\"La Sobanuca\" \/>\n<meta property=\"article:publisher\" content=\"https:\/\/es-es.facebook.com\/sobanuca\/\" \/>\n<meta property=\"article:modified_time\" content=\"2022-09-26T12:16:07+00:00\" \/>\n<meta property=\"og:image\" content=\"https:\/\/web.archive.org\/web\/20200421074913im_\/http:\/\/sobanuca.com\/images\/iconobiciplus4.png\" \/>\n<meta name=\"twitter:card\" content=\"summary_large_image\" \/>\n<meta name=\"twitter:label1\" content=\"Tiempo de lectura\" \/>\n\t<meta name=\"twitter:data1\" content=\"2 minutos\" \/>\n<script type=\"application\/ld+json\" class=\"yoast-schema-graph\">{\"@context\":\"https:\/\/schema.org\",\"@graph\":[{\"@type\":\"WebPage\",\"@id\":\"https:\/\/lasobanuca.com\/index.php\/bici-plus\/\",\"url\":\"https:\/\/lasobanuca.com\/index.php\/bici-plus\/\",\"name\":\"Bici Plus 26km - La Sobanuca\",\"isPartOf\":{\"@id\":\"https:\/\/lasobanuca.com\/#website\"},\"datePublished\":\"2019-02-11T04:28:15+00:00\",\"dateModified\":\"2022-09-26T12:16:07+00:00\",\"breadcrumb\":{\"@id\":\"https:\/\/lasobanuca.com\/index.php\/bici-plus\/#breadcrumb\"},\"inLanguage\":\"es\",\"potentialAction\":[{\"@type\":\"ReadAction\",\"target\":[\"https:\/\/lasobanuca.com\/index.php\/bici-plus\/\"]}]},{\"@type\":\"BreadcrumbList\",\"@id\":\"https:\/\/lasobanuca.com\/index.php\/bici-plus\/#breadcrumb\",\"itemListElement\":[{\"@type\":\"ListItem\",\"position\":1,\"name\":\"Portada\",\"item\":\"https:\/\/lasobanuca.com\/\"},{\"@type\":\"ListItem\",\"position\":2,\"name\":\"Bici Plus 26km\"}]},{\"@type\":\"WebSite\",\"@id\":\"https:\/\/lasobanuca.com\/#website\",\"url\":\"https:\/\/lasobanuca.com\/\",\"name\":\"La Sobanuca\",\"description\":\"Marcha de monta\u00f1a en el Valle de Soba\",\"publisher\":{\"@id\":\"https:\/\/lasobanuca.com\/#organization\"},\"potentialAction\":[{\"@type\":\"SearchAction\",\"target\":{\"@type\":\"EntryPoint\",\"urlTemplate\":\"https:\/\/lasobanuca.com\/?s={search_term_string}\"},\"query-input\":\"required name=search_term_string\"}],\"inLanguage\":\"es\"},{\"@type\":\"Organization\",\"@id\":\"https:\/\/lasobanuca.com\/#organization\",\"name\":\"La Sobanuca - Marcha de monta\u00f1a en el Valle de Soba\",\"url\":\"https:\/\/lasobanuca.com\/\",\"sameAs\":[\"https:\/\/www.instagram.com\/la.sobanuca\/\",\"https:\/\/es-es.facebook.com\/sobanuca\/\"],\"logo\":{\"@type\":\"ImageObject\",\"inLanguage\":\"es\",\"@id\":\"https:\/\/lasobanuca.com\/#\/schema\/logo\/image\/\",\"url\":\"https:\/\/lasobanuca.com\/wp-content\/uploads\/2022\/09\/cropped-cropped-vaca-sobanuca150x150.png\",\"contentUrl\":\"https:\/\/lasobanuca.com\/wp-content\/uploads\/2022\/09\/cropped-cropped-vaca-sobanuca150x150.png\",\"width\":148,\"height\":148,\"caption\":\"La Sobanuca - Marcha de monta\u00f1a en el Valle de Soba\"},\"image\":{\"@id\":\"https:\/\/lasobanuca.com\/#\/schema\/logo\/image\/\"}}]}<\/script>\n<!-- \/ Yoast SEO plugin. -->","yoast_head_json":{"title":"Bici Plus 26km - La Sobanuca","robots":{"index":"index","follow":"follow","max-snippet":"max-snippet:-1","max-image-preview":"max-image-preview:large","max-video-preview":"max-video-preview:-1"},"canonical":"https:\/\/lasobanuca.com\/index.php\/bici-plus\/","og_locale":"es_ES","og_type":"article","og_title":"Bici Plus 26km - La Sobanuca","og_description":"La modalidad sobre ruedas m\u00e1s exigente de la Sobanuca. Realiza el mismo circuito que la modalidad de bici a\u00f1adiendo 4 kil\u00f3metros de distancia con 200 metros de desnivel, un total de 26 kil\u00f3metros de recorrido y 1.050 metros de desnivel para disfrutar al m\u00e1ximo del valle de Soba. Las zonas m\u00e1xima exigencia del recorrido (subida&hellip;","og_url":"https:\/\/lasobanuca.com\/index.php\/bici-plus\/","og_site_name":"La Sobanuca","article_publisher":"https:\/\/es-es.facebook.com\/sobanuca\/","article_modified_time":"2022-09-26T12:16:07+00:00","og_image":[{"url":"https:\/\/web.archive.org\/web\/20200421074913im_\/http:\/\/sobanuca.com\/images\/iconobiciplus4.png"}],"twitter_card":"summary_large_image","twitter_misc":{"Tiempo de lectura":"2 minutos"},"schema":{"@context":"https:\/\/schema.org","@graph":[{"@type":"WebPage","@id":"https:\/\/lasobanuca.com\/index.php\/bici-plus\/","url":"https:\/\/lasobanuca.com\/index.php\/bici-plus\/","name":"Bici Plus 26km - La Sobanuca","isPartOf":{"@id":"https:\/\/lasobanuca.com\/#website"},"datePublished":"2019-02-11T04:28:15+00:00","dateModified":"2022-09-26T12:16:07+00:00","breadcrumb":{"@id":"https:\/\/lasobanuca.com\/index.php\/bici-plus\/#breadcrumb"},"inLanguage":"es","potentialAction":[{"@type":"ReadAction","target":["https:\/\/lasobanuca.com\/index.php\/bici-plus\/"]}]},{"@type":"BreadcrumbList","@id":"https:\/\/lasobanuca.com\/index.php\/bici-plus\/#breadcrumb","itemListElement":[{"@type":"ListItem","position":1,"name":"Portada","item":"https:\/\/lasobanuca.com\/"},{"@type":"ListItem","position":2,"name":"Bici Plus 26km"}]},{"@type":"WebSite","@id":"https:\/\/lasobanuca.com\/#website","url":"https:\/\/lasobanuca.com\/","name":"La Sobanuca","description":"Marcha de monta\u00f1a en el Valle de Soba","publisher":{"@id":"https:\/\/lasobanuca.com\/#organization"},"potentialAction":[{"@type":"SearchAction","target":{"@type":"EntryPoint","urlTemplate":"https:\/\/lasobanuca.com\/?s={search_term_string}"},"query-input":"required name=search_term_string"}],"inLanguage":"es"},{"@type":"Organization","@id":"https:\/\/lasobanuca.com\/#organization","name":"La Sobanuca - Marcha de monta\u00f1a en el Valle de Soba","url":"https:\/\/lasobanuca.com\/","sameAs":["https:\/\/www.instagram.com\/la.sobanuca\/","https:\/\/es-es.facebook.com\/sobanuca\/"],"logo":{"@type":"ImageObject","inLanguage":"es","@id":"https:\/\/lasobanuca.com\/#\/schema\/logo\/image\/","url":"https:\/\/lasobanuca.com\/wp-content\/uploads\/2022\/09\/cropped-cropped-vaca-sobanuca150x150.png","contentUrl":"https:\/\/lasobanuca.com\/wp-content\/uploads\/2022\/09\/cropped-cropped-vaca-sobanuca150x150.png","width":148,"height":148,"caption":"La Sobanuca - Marcha de monta\u00f1a en el Valle de Soba"},"image":{"@id":"https:\/\/lasobanuca.com\/#\/schema\/logo\/image\/"}}]}},"_links":{"self":[{"href":"https:\/\/lasobanuca.com\/index.php\/wp-json\/wp\/v2\/pages\/49"}],"collection":[{"href":"https:\/\/lasobanuca.com\/index.php\/wp-json\/wp\/v2\/pages"}],"about":[{"href":"https:\/\/lasobanuca.com\/index.php\/wp-json\/wp\/v2\/types\/page"}],"author":[{"embeddable":true,"href":"https:\/\/lasobanuca.com\/index.php\/wp-json\/wp\/v2\/users\/1"}],"replies":[{"embeddable":true,"href":"https:\/\/lasobanuca.com\/index.php\/wp-json\/wp\/v2\/comments?post=49"}],"version-history":[{"count":8,"href":"https:\/\/lasobanuca.com\/index.php\/wp-json\/wp\/v2\/pages\/49\/revisions"}],"predecessor-version":[{"id":472,"href":"https:\/\/lasobanuca.com\/index.php\/wp-json\/wp\/v2\/pages\/49\/revisions\/472"}],"wp:attachment":[{"href":"https:\/\/lasobanuca.com\/index.php\/wp-json\/wp\/v2\/media?parent=49"}],"curies":[{"name":"wp","href":"https:\/\/api.w.org\/{rel}","templated":true}]}}